{"id":51,"date":"2021-04-22T13:50:31","date_gmt":"2021-04-22T13:50:31","guid":{"rendered":"https:\/\/kli-ma.videoesfoto.hu\/kli-ma\/contact\/"},"modified":"2021-04-30T09:00:42","modified_gmt":"2021-04-30T09:00:42","slug":"contact","status":"publish","type":"page","link":"https:\/\/kli-ma.videoesfoto.hu\/kli-ma\/contact\/","title":{"rendered":"EL\u00c9RHET\u0150S\u00c9G"},"content":{"rendered":"\n<p>TEREMI TAM\u00c1S e.v.<\/p>\n\n\n\n<p>Telefon: +36 70 459 7577<\/p>\n\n\n\n<p>info@klimaz6.hu<\/p>\n\n\n\n<p>vagy<\/p>\n\n\n\n<p>info@kli-ma.hu<\/p>\n","protected":false},"excerpt":{"rendered":"<p>TEREMI TAM\u00c1S e.v. Telefon: +36 70 459 7577 info@klimaz6.hu vagy info@kli-ma.hu<\/p>\n","protected":false},"author":0,"featured_media":0,"parent":0,"menu_order":0,"comment_status":"closed","ping_status":"closed","template":"","meta":{"footnotes":""},"class_list":["post-51","page","type-page","status-publish","hentry"],"_links":{"self":[{"href":"https:\/\/kli-ma.videoesfoto.hu\/kli-ma\/wp-json\/wp\/v2\/pages\/51","targetHints":{"allow":["GET"]}}],"collection":[{"href":"https:\/\/kli-ma.videoesfoto.hu\/kli-ma\/wp-json\/wp\/v2\/pages"}],"about":[{"href":"https:\/\/kli-ma.videoesfoto.hu\/kli-ma\/wp-json\/wp\/v2\/types\/page"}],"replies":[{"embeddable":true,"href":"https:\/\/kli-ma.videoesfoto.hu\/kli-ma\/wp-json\/wp\/v2\/comments?post=51"}],"version-history":[{"count":2,"href":"https:\/\/kli-ma.videoesfoto.hu\/kli-ma\/wp-json\/wp\/v2\/pages\/51\/revisions"}],"predecessor-version":[{"id":128,"href":"https:\/\/kli-ma.videoesfoto.hu\/kli-ma\/wp-json\/wp\/v2\/pages\/51\/revisions\/128"}],"wp:attachment":[{"href":"https:\/\/kli-ma.videoesfoto.hu\/kli-ma\/wp-json\/wp\/v2\/media?parent=51"}],"curies":[{"name":"wp","href":"https:\/\/api.w.org\/{rel}","templated":true}]}}